{"id":3091,"date":"2021-02-18T15:08:18","date_gmt":"2021-02-18T14:08:18","guid":{"rendered":"https:\/\/mk2dtbpdow.preview.infomaniak.website\/who-we-are\/"},"modified":"2025-10-23T11:37:04","modified_gmt":"2025-10-23T09:37:04","slug":"who-we-are","status":"publish","type":"page","link":"https:\/\/www.josemard-aromes.fr\/en\/who-we-are\/","title":{"rendered":"Who we are"},"content":{"rendered":"\t\t<div data-elementor-type=\"wp-page\" data-elementor-id=\"3091\" class=\"elementor elementor-3091 elementor-925\">\n\t\t\t\t\t\t<section class=\"elementor-section elementor-top-section elementor-element elementor-element-8bce74f elementor-section-full_width elementor-section-height-default elementor-section-height-default\" data-id=\"8bce74f\" data-element_type=\"section\">\n\t\t\t\t\t\t<div class=\"elementor-container elementor-column-gap-no\">\n\t\t\t\t\t<div class=\"elementor-column elementor-col-100 elementor-top-column elementor-element elementor-element-ef43bb4\" data-id=\"ef43bb4\" data-element_type=\"column\">\n\t\t\t<div class=\"elementor-widget-wrap elementor-element-populated\">\n\t\t\t\t\t\t<div class=\"elementor-element elementor-element-016fd4c elementor-widget elementor-widget-cosmetsy-about-banner\" data-id=\"016fd4c\" data-element_type=\"widget\" data-widget_type=\"cosmetsy-about-banner.default\">\n\t\t\t\t<div class=\"elementor-widget-container\">\n\t\t\t\t\t<div class=\"module image-text style-12\"><div class=\"container\"><div class=\"module-wrapper\"><div class=\"row align-items-center\"><div class=\"col col-12 col-lg-7\"><div class=\"module-block text\"><h6 class=\"entry-subtitle f-size-10 mb-20 d-mb-35\">Josemard Ar\u00f4mes<\/h6><h1 class=\"entry-title f-size-34 df-size-80\">Cr\u00e9ateur de saveurs depuis 1957<\/h1><\/div><\/div><\/div><\/div><div class=\"module-block image\"><img decoding=\"async\" src=\"https:\/\/www.josemard-aromes.fr\/wp-content\/uploads\/2025\/07\/iStock-532332498.jpg\"><\/div><\/div><\/div><div class=\"module space\"><div class=\"container\"><div class=\"inner\"><\/div><\/div><\/div>\t\t\t\t<\/div>\n\t\t\t\t<\/div>\n\t\t\t\t\t<\/div>\n\t\t<\/div>\n\t\t\t\t\t<\/div>\n\t\t<\/section>\n\t\t\t\t<section class=\"elementor-section elementor-top-section elementor-element elementor-element-5848ccc elementor-section-content-middle elementor-section-boxed elementor-section-height-default elementor-section-height-default\" data-id=\"5848ccc\" data-element_type=\"section\">\n\t\t\t\t\t\t<div class=\"elementor-container elementor-column-gap-extended\">\n\t\t\t\t\t<div class=\"elementor-column elementor-col-25 elementor-top-column elementor-element elementor-element-2d83ee4\" data-id=\"2d83ee4\" data-element_type=\"column\">\n\t\t\t<div class=\"elementor-widget-wrap elementor-element-populated\">\n\t\t\t\t\t\t<div class=\"elementor-element elementor-element-e17ca44 elementor-widget elementor-widget-heading\" data-id=\"e17ca44\" data-element_type=\"widget\" data-widget_type=\"heading.default\">\n\t\t\t\t<div class=\"elementor-widget-container\">\n\t\t\t\t\t<h2 class=\"elementor-heading-title elementor-size-default\">Who we are<\/h2>\t\t\t\t<\/div>\n\t\t\t\t<\/div>\n\t\t\t\t<div class=\"elementor-element elementor-element-c840f7a elementor-widget elementor-widget-text-editor\" data-id=\"c840f7a\" data-element_type=\"widget\" data-widget_type=\"text-editor.default\">\n\t\t\t\t<div class=\"elementor-widget-container\">\n\t\t\t\t\t\t\t\t\t<p>JOSEMARD specializes in the creation and manufacture of food flavors and granit\u00e9s.<br>Founded in 1957, we have been flavorsmiths for over 65 years.<br>We are located in Saint Vallier de Thiey, a small village in the Grasse region, which is recognized as the world capital of flavors and fragrances.<br>JOSEMARD also distributes nuts and food colorings to complete its range.<\/p>\t\t\t\t\t\t\t\t<\/div>\n\t\t\t\t<\/div>\n\t\t\t\t\t<\/div>\n\t\t<\/div>\n\t\t\t\t<div class=\"elementor-column elementor-col-25 elementor-top-column elementor-element elementor-element-48042a0\" data-id=\"48042a0\" data-element_type=\"column\">\n\t\t\t<div class=\"elementor-widget-wrap\">\n\t\t\t\t\t\t\t<\/div>\n\t\t<\/div>\n\t\t\t\t<div class=\"elementor-column elementor-col-50 elementor-top-column elementor-element elementor-element-c2e97f6\" data-id=\"c2e97f6\" data-element_type=\"column\">\n\t\t\t<div class=\"elementor-widget-wrap elementor-element-populated\">\n\t\t\t\t\t\t<div class=\"elementor-element elementor-element-2a387e0 elementor-widget elementor-widget-image\" data-id=\"2a387e0\" data-element_type=\"widget\" data-widget_type=\"image.default\">\n\t\t\t\t<div class=\"elementor-widget-container\">\n\t\t\t\t\t\t\t\t\t\t\t\t\t\t\t<img fetchpriority=\"high\" decoding=\"async\" width=\"719\" height=\"486\" src=\"https:\/\/www.josemard-aromes.fr\/wp-content\/uploads\/2025\/02\/iStock-1024683178.jpg\" class=\"attachment-large size-large wp-image-2303\" alt=\"\" srcset=\"https:\/\/www.josemard-aromes.fr\/wp-content\/uploads\/2025\/02\/iStock-1024683178.jpg 719w, https:\/\/www.josemard-aromes.fr\/wp-content\/uploads\/2025\/02\/iStock-1024683178-300x203.jpg 300w, https:\/\/www.josemard-aromes.fr\/wp-content\/uploads\/2025\/02\/iStock-1024683178-600x406.jpg 600w, https:\/\/www.josemard-aromes.fr\/wp-content\/uploads\/2025\/02\/iStock-1024683178-80x54.jpg 80w\" sizes=\"(max-width: 719px) 100vw, 719px\" \/>\t\t\t\t\t\t\t\t\t\t\t\t\t\t\t<\/div>\n\t\t\t\t<\/div>\n\t\t\t\t\t<\/div>\n\t\t<\/div>\n\t\t\t\t\t<\/div>\n\t\t<\/section>\n\t\t\t\t<section class=\"elementor-section elementor-top-section elementor-element elementor-element-ecd8a22 elementor-section-content-middle elementor-section-boxed elementor-section-height-default elementor-section-height-default\" data-id=\"ecd8a22\" data-element_type=\"section\">\n\t\t\t\t\t\t<div class=\"elementor-container elementor-column-gap-extended\">\n\t\t\t\t\t<div class=\"elementor-column elementor-col-50 elementor-top-column elementor-element elementor-element-c472bc6\" data-id=\"c472bc6\" data-element_type=\"column\">\n\t\t\t<div class=\"elementor-widget-wrap elementor-element-populated\">\n\t\t\t\t\t\t<div class=\"elementor-element elementor-element-9597d0f elementor-widget elementor-widget-image\" data-id=\"9597d0f\" data-element_type=\"widget\" data-widget_type=\"image.default\">\n\t\t\t\t<div class=\"elementor-widget-container\">\n\t\t\t\t\t\t\t\t\t\t\t\t\t\t\t<img decoding=\"async\" width=\"724\" height=\"483\" src=\"https:\/\/www.josemard-aromes.fr\/wp-content\/uploads\/2025\/02\/iStock-1305157495.jpg\" class=\"attachment-large size-large wp-image-2302\" alt=\"\" srcset=\"https:\/\/www.josemard-aromes.fr\/wp-content\/uploads\/2025\/02\/iStock-1305157495.jpg 724w, https:\/\/www.josemard-aromes.fr\/wp-content\/uploads\/2025\/02\/iStock-1305157495-300x200.jpg 300w, https:\/\/www.josemard-aromes.fr\/wp-content\/uploads\/2025\/02\/iStock-1305157495-600x400.jpg 600w, https:\/\/www.josemard-aromes.fr\/wp-content\/uploads\/2025\/02\/iStock-1305157495-81x54.jpg 81w\" sizes=\"(max-width: 724px) 100vw, 724px\" \/>\t\t\t\t\t\t\t\t\t\t\t\t\t\t\t<\/div>\n\t\t\t\t<\/div>\n\t\t\t\t\t<\/div>\n\t\t<\/div>\n\t\t\t\t<div class=\"elementor-column elementor-col-25 elementor-top-column elementor-element elementor-element-2eabbc1\" data-id=\"2eabbc1\" data-element_type=\"column\">\n\t\t\t<div class=\"elementor-widget-wrap\">\n\t\t\t\t\t\t\t<\/div>\n\t\t<\/div>\n\t\t\t\t<div class=\"elementor-column elementor-col-25 elementor-top-column elementor-element elementor-element-1be5060\" data-id=\"1be5060\" data-element_type=\"column\">\n\t\t\t<div class=\"elementor-widget-wrap elementor-element-populated\">\n\t\t\t\t\t\t<div class=\"elementor-element elementor-element-e4943e2 elementor-widget elementor-widget-heading\" data-id=\"e4943e2\" data-element_type=\"widget\" data-widget_type=\"heading.default\">\n\t\t\t\t<div class=\"elementor-widget-container\">\n\t\t\t\t\t<h2 class=\"elementor-heading-title elementor-size-default\">Our expertise<\/h2>\t\t\t\t<\/div>\n\t\t\t\t<\/div>\n\t\t\t\t<div class=\"elementor-element elementor-element-72f2629 elementor-widget elementor-widget-text-editor\" data-id=\"72f2629\" data-element_type=\"widget\" data-widget_type=\"text-editor.default\">\n\t\t\t\t<div class=\"elementor-widget-container\">\n\t\t\t\t\t\t\t\t\t<p>Specialized in the development of food flavors, we are continuing to build on our expertise with the creation of an R&D and quality control laboratory in 2022.<\/p>\t\t\t\t\t\t\t\t<\/div>\n\t\t\t\t<\/div>\n\t\t\t\t\t<\/div>\n\t\t<\/div>\n\t\t\t\t\t<\/div>\n\t\t<\/section>\n\t\t\t\t<section class=\"elementor-section elementor-top-section elementor-element elementor-element-fb37205 elementor-section-content-middle elementor-section-boxed elementor-section-height-default elementor-section-height-default\" data-id=\"fb37205\" data-element_type=\"section\">\n\t\t\t\t\t\t<div class=\"elementor-container elementor-column-gap-extended\">\n\t\t\t\t\t<div class=\"elementor-column elementor-col-25 elementor-top-column elementor-element elementor-element-98bbae0\" data-id=\"98bbae0\" data-element_type=\"column\">\n\t\t\t<div class=\"elementor-widget-wrap elementor-element-populated\">\n\t\t\t\t\t\t<div class=\"elementor-element elementor-element-6fac65b elementor-widget elementor-widget-heading\" data-id=\"6fac65b\" data-element_type=\"widget\" data-widget_type=\"heading.default\">\n\t\t\t\t<div class=\"elementor-widget-container\">\n\t\t\t\t\t<h2 class=\"elementor-heading-title elementor-size-default\">Why choose Josemard?<\/h2>\t\t\t\t<\/div>\n\t\t\t\t<\/div>\n\t\t\t\t<div class=\"elementor-element elementor-element-edcbf29 elementor-widget elementor-widget-text-editor\" data-id=\"edcbf29\" data-element_type=\"widget\" data-widget_type=\"text-editor.default\">\n\t\t\t\t<div class=\"elementor-widget-container\">\n\t\t\t\t\t\t\t\t\t<p>We can customize your products according to your requirements in fields as varied as food (ice cream, bakery-patisserie, beverages, confectionery, etc.), dietary supplements, e-liquids and cosmetics.<br>JOSEMARD is ISO9001, ISO22000 and Halal certified.<\/p>\t\t\t\t\t\t\t\t<\/div>\n\t\t\t\t<\/div>\n\t\t\t\t\t<\/div>\n\t\t<\/div>\n\t\t\t\t<div class=\"elementor-column elementor-col-25 elementor-top-column elementor-element elementor-element-57b5956\" data-id=\"57b5956\" data-element_type=\"column\">\n\t\t\t<div class=\"elementor-widget-wrap\">\n\t\t\t\t\t\t\t<\/div>\n\t\t<\/div>\n\t\t\t\t<div class=\"elementor-column elementor-col-50 elementor-top-column elementor-element elementor-element-bdb00a7\" data-id=\"bdb00a7\" data-element_type=\"column\">\n\t\t\t<div class=\"elementor-widget-wrap elementor-element-populated\">\n\t\t\t\t\t\t<div class=\"elementor-element elementor-element-36569b7 elementor-widget elementor-widget-image\" data-id=\"36569b7\" data-element_type=\"widget\" data-widget_type=\"image.default\">\n\t\t\t\t<div class=\"elementor-widget-container\">\n\t\t\t\t\t\t\t\t\t\t\t\t\t\t\t<img decoding=\"async\" width=\"724\" height=\"483\" src=\"https:\/\/www.josemard-aromes.fr\/wp-content\/uploads\/2025\/02\/iStock-14733476691.jpg\" class=\"attachment-large size-large wp-image-2304\" alt=\"\" srcset=\"https:\/\/www.josemard-aromes.fr\/wp-content\/uploads\/2025\/02\/iStock-14733476691.jpg 724w, https:\/\/www.josemard-aromes.fr\/wp-content\/uploads\/2025\/02\/iStock-14733476691-300x200.jpg 300w, https:\/\/www.josemard-aromes.fr\/wp-content\/uploads\/2025\/02\/iStock-14733476691-600x400.jpg 600w, https:\/\/www.josemard-aromes.fr\/wp-content\/uploads\/2025\/02\/iStock-14733476691-81x54.jpg 81w\" sizes=\"(max-width: 724px) 100vw, 724px\" \/>\t\t\t\t\t\t\t\t\t\t\t\t\t\t\t<\/div>\n\t\t\t\t<\/div>\n\t\t\t\t\t<\/div>\n\t\t<\/div>\n\t\t\t\t\t<\/div>\n\t\t<\/section>\n\t\t\t\t<\/div>\n\t\t","protected":false},"excerpt":{"rendered":"<p>Josemard Ar\u00f4mes Cr\u00e9ateur de saveurs depuis 1957 Who we are JOSEMARD specializes in the creation and manufacture of food flavors and granit\u00e9s.Founded in 1957, we have been flavorsmiths for over 65 years.We are located in Saint Vallier de Thiey, a small village in the Grasse region, which is recognized as the world capital of flavors<\/p>\n<div class=\"klb-readmore entry-button\"><a class=\"button light alt medium\" href=\"https:\/\/www.josemard-aromes.fr\/en\/who-we-are\/\">Read More<\/a><\/div>\n","protected":false},"author":1,"featured_media":0,"parent":0,"menu_order":0,"comment_status":"closed","ping_status":"closed","template":"","meta":{"footnotes":""},"class_list":["post-3091","page","type-page","status-publish","hentry"],"yoast_head":"<!-- This site is optimized with the Yoast SEO plugin v27.5 - https:\/\/yoast.com\/product\/yoast-seo-wordpress\/ -->\n<title>Who we are - Josemard Ar\u00f4mes<\/title>\n<meta name=\"robots\" content=\"index, follow, max-snippet:-1, max-image-preview:large, max-video-preview:-1\" \/>\n<link rel=\"canonical\" href=\"https:\/\/www.josemard-aromes.fr\/en\/who-we-are\/\" \/>\n<meta property=\"og:locale\" content=\"en_US\" \/>\n<meta property=\"og:type\" content=\"article\" \/>\n<meta property=\"og:title\" content=\"Who we are - Josemard Ar\u00f4mes\" \/>\n<meta property=\"og:description\" content=\"Josemard Ar\u00f4mes Cr\u00e9ateur de saveurs depuis 1957 Who we are JOSEMARD specializes in the creation and manufacture of food flavors and granit\u00e9s.Founded in 1957, we have been flavorsmiths for over 65 years.We are located in Saint Vallier de Thiey, a small village in the Grasse region, which is recognized as the world capital of flavorsRead More\" \/>\n<meta property=\"og:url\" content=\"https:\/\/www.josemard-aromes.fr\/en\/who-we-are\/\" \/>\n<meta property=\"og:site_name\" content=\"Josemard Ar\u00f4mes\" \/>\n<meta property=\"article:modified_time\" content=\"2025-10-23T09:37:04+00:00\" \/>\n<meta property=\"og:image\" content=\"https:\/\/www.josemard-aromes.fr\/wp-content\/uploads\/2025\/07\/iStock-532332498.jpg\" \/>\n<meta name=\"twitter:card\" content=\"summary_large_image\" \/>\n<meta name=\"twitter:label1\" content=\"Est. reading time\" \/>\n\t<meta name=\"twitter:data1\" content=\"1 minute\" \/>\n<script type=\"application\/ld+json\" class=\"yoast-schema-graph\">{\"@context\":\"https:\\\/\\\/schema.org\",\"@graph\":[{\"@type\":\"WebPage\",\"@id\":\"https:\\\/\\\/www.josemard-aromes.fr\\\/en\\\/who-we-are\\\/\",\"url\":\"https:\\\/\\\/www.josemard-aromes.fr\\\/en\\\/who-we-are\\\/\",\"name\":\"Who we are - Josemard Ar\u00f4mes\",\"isPartOf\":{\"@id\":\"https:\\\/\\\/www.josemard-aromes.fr\\\/#website\"},\"primaryImageOfPage\":{\"@id\":\"https:\\\/\\\/www.josemard-aromes.fr\\\/en\\\/who-we-are\\\/#primaryimage\"},\"image\":{\"@id\":\"https:\\\/\\\/www.josemard-aromes.fr\\\/en\\\/who-we-are\\\/#primaryimage\"},\"thumbnailUrl\":\"https:\\\/\\\/www.josemard-aromes.fr\\\/wp-content\\\/uploads\\\/2025\\\/07\\\/iStock-532332498.jpg\",\"datePublished\":\"2021-02-18T14:08:18+00:00\",\"dateModified\":\"2025-10-23T09:37:04+00:00\",\"breadcrumb\":{\"@id\":\"https:\\\/\\\/www.josemard-aromes.fr\\\/en\\\/who-we-are\\\/#breadcrumb\"},\"inLanguage\":\"en-US\",\"potentialAction\":[{\"@type\":\"ReadAction\",\"target\":[\"https:\\\/\\\/www.josemard-aromes.fr\\\/en\\\/who-we-are\\\/\"]}]},{\"@type\":\"ImageObject\",\"inLanguage\":\"en-US\",\"@id\":\"https:\\\/\\\/www.josemard-aromes.fr\\\/en\\\/who-we-are\\\/#primaryimage\",\"url\":\"https:\\\/\\\/www.josemard-aromes.fr\\\/wp-content\\\/uploads\\\/2025\\\/07\\\/iStock-532332498.jpg\",\"contentUrl\":\"https:\\\/\\\/www.josemard-aromes.fr\\\/wp-content\\\/uploads\\\/2025\\\/07\\\/iStock-532332498.jpg\"},{\"@type\":\"BreadcrumbList\",\"@id\":\"https:\\\/\\\/www.josemard-aromes.fr\\\/en\\\/who-we-are\\\/#breadcrumb\",\"itemListElement\":[{\"@type\":\"ListItem\",\"position\":1,\"name\":\"Accueil\",\"item\":\"https:\\\/\\\/www.josemard-aromes.fr\\\/en\\\/home\\\/\"},{\"@type\":\"ListItem\",\"position\":2,\"name\":\"Who we are\"}]},{\"@type\":\"WebSite\",\"@id\":\"https:\\\/\\\/www.josemard-aromes.fr\\\/#website\",\"url\":\"https:\\\/\\\/www.josemard-aromes.fr\\\/\",\"name\":\"Josemard Ar\u00f4mes\",\"description\":\"\",\"potentialAction\":[{\"@type\":\"SearchAction\",\"target\":{\"@type\":\"EntryPoint\",\"urlTemplate\":\"https:\\\/\\\/www.josemard-aromes.fr\\\/?s={search_term_string}\"},\"query-input\":{\"@type\":\"PropertyValueSpecification\",\"valueRequired\":true,\"valueName\":\"search_term_string\"}}],\"inLanguage\":\"en-US\"}]}<\/script>\n<!-- \/ Yoast SEO plugin. -->","yoast_head_json":{"title":"Who we are - Josemard Ar\u00f4mes","robots":{"index":"index","follow":"follow","max-snippet":"max-snippet:-1","max-image-preview":"max-image-preview:large","max-video-preview":"max-video-preview:-1"},"canonical":"https:\/\/www.josemard-aromes.fr\/en\/who-we-are\/","og_locale":"en_US","og_type":"article","og_title":"Who we are - Josemard Ar\u00f4mes","og_description":"Josemard Ar\u00f4mes Cr\u00e9ateur de saveurs depuis 1957 Who we are JOSEMARD specializes in the creation and manufacture of food flavors and granit\u00e9s.Founded in 1957, we have been flavorsmiths for over 65 years.We are located in Saint Vallier de Thiey, a small village in the Grasse region, which is recognized as the world capital of flavorsRead More","og_url":"https:\/\/www.josemard-aromes.fr\/en\/who-we-are\/","og_site_name":"Josemard Ar\u00f4mes","article_modified_time":"2025-10-23T09:37:04+00:00","og_image":[{"url":"https:\/\/www.josemard-aromes.fr\/wp-content\/uploads\/2025\/07\/iStock-532332498.jpg","type":"","width":"","height":""}],"twitter_card":"summary_large_image","twitter_misc":{"Est. reading time":"1 minute"},"schema":{"@context":"https:\/\/schema.org","@graph":[{"@type":"WebPage","@id":"https:\/\/www.josemard-aromes.fr\/en\/who-we-are\/","url":"https:\/\/www.josemard-aromes.fr\/en\/who-we-are\/","name":"Who we are - Josemard Ar\u00f4mes","isPartOf":{"@id":"https:\/\/www.josemard-aromes.fr\/#website"},"primaryImageOfPage":{"@id":"https:\/\/www.josemard-aromes.fr\/en\/who-we-are\/#primaryimage"},"image":{"@id":"https:\/\/www.josemard-aromes.fr\/en\/who-we-are\/#primaryimage"},"thumbnailUrl":"https:\/\/www.josemard-aromes.fr\/wp-content\/uploads\/2025\/07\/iStock-532332498.jpg","datePublished":"2021-02-18T14:08:18+00:00","dateModified":"2025-10-23T09:37:04+00:00","breadcrumb":{"@id":"https:\/\/www.josemard-aromes.fr\/en\/who-we-are\/#breadcrumb"},"inLanguage":"en-US","potentialAction":[{"@type":"ReadAction","target":["https:\/\/www.josemard-aromes.fr\/en\/who-we-are\/"]}]},{"@type":"ImageObject","inLanguage":"en-US","@id":"https:\/\/www.josemard-aromes.fr\/en\/who-we-are\/#primaryimage","url":"https:\/\/www.josemard-aromes.fr\/wp-content\/uploads\/2025\/07\/iStock-532332498.jpg","contentUrl":"https:\/\/www.josemard-aromes.fr\/wp-content\/uploads\/2025\/07\/iStock-532332498.jpg"},{"@type":"BreadcrumbList","@id":"https:\/\/www.josemard-aromes.fr\/en\/who-we-are\/#breadcrumb","itemListElement":[{"@type":"ListItem","position":1,"name":"Accueil","item":"https:\/\/www.josemard-aromes.fr\/en\/home\/"},{"@type":"ListItem","position":2,"name":"Who we are"}]},{"@type":"WebSite","@id":"https:\/\/www.josemard-aromes.fr\/#website","url":"https:\/\/www.josemard-aromes.fr\/","name":"Josemard Ar\u00f4mes","description":"","potentialAction":[{"@type":"SearchAction","target":{"@type":"EntryPoint","urlTemplate":"https:\/\/www.josemard-aromes.fr\/?s={search_term_string}"},"query-input":{"@type":"PropertyValueSpecification","valueRequired":true,"valueName":"search_term_string"}}],"inLanguage":"en-US"}]}},"_links":{"self":[{"href":"https:\/\/www.josemard-aromes.fr\/en\/wp-json\/wp\/v2\/pages\/3091","targetHints":{"allow":["GET"]}}],"collection":[{"href":"https:\/\/www.josemard-aromes.fr\/en\/wp-json\/wp\/v2\/pages"}],"about":[{"href":"https:\/\/www.josemard-aromes.fr\/en\/wp-json\/wp\/v2\/types\/page"}],"author":[{"embeddable":true,"href":"https:\/\/www.josemard-aromes.fr\/en\/wp-json\/wp\/v2\/users\/1"}],"replies":[{"embeddable":true,"href":"https:\/\/www.josemard-aromes.fr\/en\/wp-json\/wp\/v2\/comments?post=3091"}],"version-history":[{"count":1,"href":"https:\/\/www.josemard-aromes.fr\/en\/wp-json\/wp\/v2\/pages\/3091\/revisions"}],"predecessor-version":[{"id":3092,"href":"https:\/\/www.josemard-aromes.fr\/en\/wp-json\/wp\/v2\/pages\/3091\/revisions\/3092"}],"wp:attachment":[{"href":"https:\/\/www.josemard-aromes.fr\/en\/wp-json\/wp\/v2\/media?parent=3091"}],"curies":[{"name":"wp","href":"https:\/\/api.w.org\/{rel}","templated":true}]}}